{"id":15,"date":"2020-11-18T21:36:55","date_gmt":"2020-11-18T21:36:55","guid":{"rendered":"https:\/\/designcriativomidias.com.br\/home-3\/"},"modified":"2021-01-01T13:34:26","modified_gmt":"2021-01-01T13:34:26","slug":"home","status":"publish","type":"page","link":"https:\/\/designcriativocuritiba.com.br\/","title":{"rendered":"Home"},"content":{"rendered":"\n\n\nM\u00eddias Sociais\n\n<p style=\"text-align: center;\"><span style=\"background-color: transparent; font-size: 22px;\"><font color=\"#2e2e2e\">Eleve suas redes a outro patamar, gerando engajamento, curtidas, seguidores reais, com estrat\u00e9gias, materiais planejados e desenvolvidos exclusivamente para seu neg\u00f3cio.<\/span><\/p>\n\n\n\n\n\n\nSobre\n\n<p style=\"font-size: 18px\">Desde 2003 atuando no ramo do design, evoluindo e aprimorando nossos servi\u00e7os.&nbsp;<br><br><\/p><p style=\"font-size: 18px\"><span style=\"letter-spacing: 0px; background-color: transparent;\">Com o crescimento das redes sociais, identificamos tamb\u00e9m um aumento da demanda por materiais profissionais para veicula\u00e7\u00e3o nas m\u00eddias, pois em virtude da concorr\u00eancia crescente, cada vez mais as empresas buscam diferenciais, um trabalho desenvolvido com rapidez, criatividade e personalidade, a um custo acess\u00edvel.&nbsp;<br><br><\/span><\/p><p style=\"font-size: 18px\"><span style=\"background-color: transparent;\">E \u00e9 neste segmento que a Design Criativo tem seu principal foco, entregando a seus clientes um material profissional, de alta qualidade, num prazo curto e o melhor, com um custo x benef\u00edcio excelente. Conhe\u00e7a alguns de nossos trabalhos em nosso portf\u00f3lio.<\/span><\/p>\n\n\n\n\n\n\n\n\n\n\n\n\n\n\n\n\n\n\n\n\n\n\n\n\nPortf\u00f3lio\n\n\n\n\n\n\n\n\n\n\n\n\n\n\n\n\n\n\n\nArtes Gr\u00e1ficas\n\n<p style=\"text-align: center;\"><span style=\"color: 2e2e2eff; font-family: poppins; font-size: 18px;\">Desenvolvemos diversos tipos de artes para materiais gr\u00e1ficos, seja para impress\u00e3o, plotagem ou&nbsp;<\/span><\/p><p style=\"text-align: center;\"><span style=\"color: 2e2e2eff; font-family: poppins; font-size: 18px;\">qualquer que seja sua finalidade.&nbsp;&nbsp;<\/span><span style=\"font-family: poppins; font-size: 18px; letter-spacing: 0px;\">Nossos processos s\u00e3o simplificados, possibilitando uma&nbsp;<\/span><\/p><p style=\"text-align: center;\"><span style=\"font-family: poppins; font-size: 18px; letter-spacing: 0px;\">cria\u00e7\u00e3o eficiente com prazo de entrega r\u00e1pido e excelente custo x benef\u00edcio.<\/span><\/p>\n\n\n<p style=\"font-size: 16px\">Cria\u00e7\u00e3o fundamentada em pesquisas segmentadas de mercado, no posicionamento desejado da marca e tamb\u00e9m no desejo do cliente, resultando numa logomarca personalizada que se identifique n\u00e3o somente com seu ramo de atua\u00e7\u00e3o como tamb\u00e9m com a empresa.<\/p>\n\n\n<p style=\"font-size: 16px\">Al\u00e9m da cria\u00e7\u00e3o de todo material para veicula\u00e7\u00e3o nas midias sociais, tamb\u00e9m trabalhamos com a administra\u00e7\u00e3o das redes, realizando o planejamento semanal das publica\u00e7\u00e3o de flyes, storys, a\u00e7\u00f5es pontuais, como sorteios, enquetes e materiais institucionais.<\/p>\n\n\n<p style=\"font-size: 16px\">Branding \u00e9 o conjunto de a\u00e7\u00f5es alinhadas ao posicionamento, prop\u00f3sito e valores da marca, despertando sensa\u00e7\u00f5es e criando conex\u00f5es conscientes e inconscientes, que ser\u00e3o cruciais para que o cliente escolha a sua marca no momento de decis\u00e3o de compra de um produto ou servi\u00e7o.<\/p>\n\n\n\n\n\n\n\n\nContato\n\n\n\n\n\n\n\n\n\n\n\n\n\n\n\n\n\n\n\n\n\n\n\n\n\n\n\n\n\n\n\n\n\nCuritiba, Parana, Brasil\n\n\n\n\n\n\n\n\n\n\n","protected":false},"excerpt":{"rendered":"","protected":false},"author":1,"featured_media":0,"parent":0,"menu_order":0,"comment_status":"closed","ping_status":"closed","template":"","meta":{"footnotes":""},"class_list":["post-15","page","type-page","status-publish","hentry"],"_links":{"self":[{"href":"https:\/\/designcriativocuritiba.com.br\/index.php?rest_route=\/wp\/v2\/pages\/15","targetHints":{"allow":["GET"]}}],"collection":[{"href":"https:\/\/designcriativocuritiba.com.br\/index.php?rest_route=\/wp\/v2\/pages"}],"about":[{"href":"https:\/\/designcriativocuritiba.com.br\/index.php?rest_route=\/wp\/v2\/types\/page"}],"author":[{"embeddable":true,"href":"https:\/\/designcriativocuritiba.com.br\/index.php?rest_route=\/wp\/v2\/users\/1"}],"replies":[{"embeddable":true,"href":"https:\/\/designcriativocuritiba.com.br\/index.php?rest_route=%2Fwp%2Fv2%2Fcomments&post=15"}],"version-history":[{"count":104,"href":"https:\/\/designcriativocuritiba.com.br\/index.php?rest_route=\/wp\/v2\/pages\/15\/revisions"}],"predecessor-version":[{"id":916,"href":"https:\/\/designcriativocuritiba.com.br\/index.php?rest_route=\/wp\/v2\/pages\/15\/revisions\/916"}],"wp:attachment":[{"href":"https:\/\/designcriativocuritiba.com.br\/index.php?rest_route=%2Fwp%2Fv2%2Fmedia&parent=15"}],"curies":[{"name":"wp","href":"https:\/\/api.w.org\/{rel}","templated":true}]}}